{"id":8,"date":"2018-01-24T10:33:35","date_gmt":"2018-01-24T09:33:35","guid":{"rendered":"https:\/\/blog.phzh.ch\/schulfuehrung\/?page_id=8"},"modified":"2018-01-24T10:33:57","modified_gmt":"2018-01-24T09:33:57","slug":"sinn-und-zweck","status":"publish","type":"page","link":"https:\/\/blog.phzh.ch\/schulfuehrung\/sinn-und-zweck\/","title":{"rendered":"Sinn und Zweck"},"content":{"rendered":"<p>Schulleiterinnen und Schulleiter bestreiten ihren F\u00fchrungsalltag oftmals auf sich alleine gestellt. Bestehende M\u00f6glichkeiten zum Austausch in Form von lokalen und regionalen Gruppen und wenige Informationsquellen wie den Newslettern der Schulleiter-Verb\u00e4nde werden gesch\u00e4tzt und genutzt. Das grosse Bed\u00fcrfnis nach Kooperation und Vernetzung ist damit jedoch noch nicht befriedigt.<\/p>\n<p>Der Blog Schulf\u00fchrung dient als erster Schritt einer umfassenden Plattform f\u00fcr Schulleiterinnen und Schulleiter.<\/p>\n<p>Die Inhalte dieses Blogs sind nicht stellvertretend f\u00fcr die Meinung der PH Z\u00fcrich und sind keine offiziellen Stellungsnahmen der Hochschule, sondern liegen in der Verantwortung des Redaktionsteams des Zentrums Management und Leadership (MAL).<\/p>\n<p>Das Redaktionsteam beh\u00e4lt sich vor, unpassende und beleidigende Beitr\u00e4ge zu l\u00f6schen.<\/p>\n","protected":false},"excerpt":{"rendered":"<p>Schulleiterinnen und Schulleiter bestreiten ihren F\u00fchrungsalltag oftmals auf sich alleine gestellt. Bestehende M\u00f6glichkeiten zum Austausch in Form von lokalen und regionalen Gruppen und wenige Informationsquellen wie den Newslettern der Schulleiter-Verb\u00e4nde werden gesch\u00e4tzt und genutzt. Das grosse Bed\u00fcrfnis nach Kooperation und Vernetzung ist damit jedoch noch nicht befriedigt. Der Blog Schulf\u00fchrung dient als erster Schritt einer &hellip; <a href=\"https:\/\/blog.phzh.ch\/schulfuehrung\/sinn-und-zweck\/\" class=\"more-link\"><span class=\"screen-reader-text\">Sinn und Zweck<\/span> weiterlesen<\/a><\/p>\n","protected":false},"author":1416,"featured_media":0,"parent":0,"menu_order":0,"comment_status":"closed","ping_status":"closed","template":"","meta":{"sfsi_plus_gutenberg_text_before_share":"","sfsi_plus_gutenberg_show_text_before_share":"","sfsi_plus_gutenberg_icon_type":"","sfsi_plus_gutenberg_icon_alignemt":"","sfsi_plus_gutenburg_max_per_row":"","footnotes":""},"class_list":["post-8","page","type-page","status-publish","hentry"],"yoast_head":"<!-- This site is optimized with the Yoast SEO plugin v26.8 - https:\/\/yoast.com\/product\/yoast-seo-wordpress\/ -->\n<title>Sinn und Zweck - Schulf\u00fchrung<\/title>\n<meta name=\"robots\" content=\"index, follow, max-snippet:-1, max-image-preview:large, max-video-preview:-1\" \/>\n<link rel=\"canonical\" href=\"https:\/\/blog.phzh.ch\/schulfuehrung\/sinn-und-zweck\/\" \/>\n<meta property=\"og:locale\" content=\"de_DE\" \/>\n<meta property=\"og:type\" content=\"article\" \/>\n<meta property=\"og:title\" content=\"Sinn und Zweck - Schulf\u00fchrung\" \/>\n<meta property=\"og:description\" content=\"Schulleiterinnen und Schulleiter bestreiten ihren F\u00fchrungsalltag oftmals auf sich alleine gestellt. Bestehende M\u00f6glichkeiten zum Austausch in Form von lokalen und regionalen Gruppen und wenige Informationsquellen wie den Newslettern der Schulleiter-Verb\u00e4nde werden gesch\u00e4tzt und genutzt. Das grosse Bed\u00fcrfnis nach Kooperation und Vernetzung ist damit jedoch noch nicht befriedigt. Der Blog Schulf\u00fchrung dient als erster Schritt einer &hellip; Sinn und Zweck weiterlesen\" \/>\n<meta property=\"og:url\" content=\"https:\/\/blog.phzh.ch\/schulfuehrung\/sinn-und-zweck\/\" \/>\n<meta property=\"og:site_name\" content=\"Schulf\u00fchrung\" \/>\n<meta property=\"article:modified_time\" content=\"2018-01-24T09:33:57+00:00\" \/>\n<meta name=\"twitter:card\" content=\"summary_large_image\" \/>\n<meta name=\"twitter:label1\" content=\"Gesch\u00e4tzte Lesezeit\" \/>\n\t<meta name=\"twitter:data1\" content=\"1\u00a0Minute\" \/>\n<script type=\"application\/ld+json\" class=\"yoast-schema-graph\">{\"@context\":\"https:\/\/schema.org\",\"@graph\":[{\"@type\":\"WebPage\",\"@id\":\"https:\/\/blog.phzh.ch\/schulfuehrung\/sinn-und-zweck\/\",\"url\":\"https:\/\/blog.phzh.ch\/schulfuehrung\/sinn-und-zweck\/\",\"name\":\"Sinn und Zweck - Schulf\u00fchrung\",\"isPartOf\":{\"@id\":\"https:\/\/blog.phzh.ch\/schulfuehrung\/#website\"},\"datePublished\":\"2018-01-24T09:33:35+00:00\",\"dateModified\":\"2018-01-24T09:33:57+00:00\",\"breadcrumb\":{\"@id\":\"https:\/\/blog.phzh.ch\/schulfuehrung\/sinn-und-zweck\/#breadcrumb\"},\"inLanguage\":\"de\",\"potentialAction\":[{\"@type\":\"ReadAction\",\"target\":[\"https:\/\/blog.phzh.ch\/schulfuehrung\/sinn-und-zweck\/\"]}]},{\"@type\":\"BreadcrumbList\",\"@id\":\"https:\/\/blog.phzh.ch\/schulfuehrung\/sinn-und-zweck\/#breadcrumb\",\"itemListElement\":[{\"@type\":\"ListItem\",\"position\":1,\"name\":\"Startseite\",\"item\":\"https:\/\/blog.phzh.ch\/schulfuehrung\/\"},{\"@type\":\"ListItem\",\"position\":2,\"name\":\"Sinn und Zweck\"}]},{\"@type\":\"WebSite\",\"@id\":\"https:\/\/blog.phzh.ch\/schulfuehrung\/#website\",\"url\":\"https:\/\/blog.phzh.ch\/schulfuehrung\/\",\"name\":\"Schulf\u00fchrung\",\"description\":\"phzh.ch\/schulfuehrung\",\"potentialAction\":[{\"@type\":\"SearchAction\",\"target\":{\"@type\":\"EntryPoint\",\"urlTemplate\":\"https:\/\/blog.phzh.ch\/schulfuehrung\/?s={search_term_string}\"},\"query-input\":{\"@type\":\"PropertyValueSpecification\",\"valueRequired\":true,\"valueName\":\"search_term_string\"}}],\"inLanguage\":\"de\"}]}<\/script>\n<!-- \/ Yoast SEO plugin. -->","yoast_head_json":{"title":"Sinn und Zweck - Schulf\u00fchrung","robots":{"index":"index","follow":"follow","max-snippet":"max-snippet:-1","max-image-preview":"max-image-preview:large","max-video-preview":"max-video-preview:-1"},"canonical":"https:\/\/blog.phzh.ch\/schulfuehrung\/sinn-und-zweck\/","og_locale":"de_DE","og_type":"article","og_title":"Sinn und Zweck - Schulf\u00fchrung","og_description":"Schulleiterinnen und Schulleiter bestreiten ihren F\u00fchrungsalltag oftmals auf sich alleine gestellt. Bestehende M\u00f6glichkeiten zum Austausch in Form von lokalen und regionalen Gruppen und wenige Informationsquellen wie den Newslettern der Schulleiter-Verb\u00e4nde werden gesch\u00e4tzt und genutzt. Das grosse Bed\u00fcrfnis nach Kooperation und Vernetzung ist damit jedoch noch nicht befriedigt. Der Blog Schulf\u00fchrung dient als erster Schritt einer &hellip; Sinn und Zweck weiterlesen","og_url":"https:\/\/blog.phzh.ch\/schulfuehrung\/sinn-und-zweck\/","og_site_name":"Schulf\u00fchrung","article_modified_time":"2018-01-24T09:33:57+00:00","twitter_card":"summary_large_image","twitter_misc":{"Gesch\u00e4tzte Lesezeit":"1\u00a0Minute"},"schema":{"@context":"https:\/\/schema.org","@graph":[{"@type":"WebPage","@id":"https:\/\/blog.phzh.ch\/schulfuehrung\/sinn-und-zweck\/","url":"https:\/\/blog.phzh.ch\/schulfuehrung\/sinn-und-zweck\/","name":"Sinn und Zweck - Schulf\u00fchrung","isPartOf":{"@id":"https:\/\/blog.phzh.ch\/schulfuehrung\/#website"},"datePublished":"2018-01-24T09:33:35+00:00","dateModified":"2018-01-24T09:33:57+00:00","breadcrumb":{"@id":"https:\/\/blog.phzh.ch\/schulfuehrung\/sinn-und-zweck\/#breadcrumb"},"inLanguage":"de","potentialAction":[{"@type":"ReadAction","target":["https:\/\/blog.phzh.ch\/schulfuehrung\/sinn-und-zweck\/"]}]},{"@type":"BreadcrumbList","@id":"https:\/\/blog.phzh.ch\/schulfuehrung\/sinn-und-zweck\/#breadcrumb","itemListElement":[{"@type":"ListItem","position":1,"name":"Startseite","item":"https:\/\/blog.phzh.ch\/schulfuehrung\/"},{"@type":"ListItem","position":2,"name":"Sinn und Zweck"}]},{"@type":"WebSite","@id":"https:\/\/blog.phzh.ch\/schulfuehrung\/#website","url":"https:\/\/blog.phzh.ch\/schulfuehrung\/","name":"Schulf\u00fchrung","description":"phzh.ch\/schulfuehrung","potentialAction":[{"@type":"SearchAction","target":{"@type":"EntryPoint","urlTemplate":"https:\/\/blog.phzh.ch\/schulfuehrung\/?s={search_term_string}"},"query-input":{"@type":"PropertyValueSpecification","valueRequired":true,"valueName":"search_term_string"}}],"inLanguage":"de"}]}},"_links":{"self":[{"href":"https:\/\/blog.phzh.ch\/schulfuehrung\/wp-json\/wp\/v2\/pages\/8","targetHints":{"allow":["GET"]}}],"collection":[{"href":"https:\/\/blog.phzh.ch\/schulfuehrung\/wp-json\/wp\/v2\/pages"}],"about":[{"href":"https:\/\/blog.phzh.ch\/schulfuehrung\/wp-json\/wp\/v2\/types\/page"}],"author":[{"embeddable":true,"href":"https:\/\/blog.phzh.ch\/schulfuehrung\/wp-json\/wp\/v2\/users\/1416"}],"replies":[{"embeddable":true,"href":"https:\/\/blog.phzh.ch\/schulfuehrung\/wp-json\/wp\/v2\/comments?post=8"}],"version-history":[{"count":3,"href":"https:\/\/blog.phzh.ch\/schulfuehrung\/wp-json\/wp\/v2\/pages\/8\/revisions"}],"predecessor-version":[{"id":13,"href":"https:\/\/blog.phzh.ch\/schulfuehrung\/wp-json\/wp\/v2\/pages\/8\/revisions\/13"}],"wp:attachment":[{"href":"https:\/\/blog.phzh.ch\/schulfuehrung\/wp-json\/wp\/v2\/media?parent=8"}],"curies":[{"name":"wp","href":"https:\/\/api.w.org\/{rel}","templated":true}]}}