{"id":1312,"date":"2019-05-19T08:57:24","date_gmt":"2019-05-19T06:57:24","guid":{"rendered":"https:\/\/blog.phzh.ch\/schulfuehrung\/?page_id=1312"},"modified":"2019-05-19T09:05:48","modified_gmt":"2019-05-19T07:05:48","slug":"leserschaft-umfrage","status":"publish","type":"page","link":"https:\/\/blog.phzh.ch\/schulfuehrung\/leserschaft-umfrage\/","title":{"rendered":"Leserschafts-Umfrage"},"content":{"rendered":"\n<h2 class=\"wp-block-heading\">\u00abIch w\u00fcnsche mir noch mehr von Ihnen zu lesen.\u00bb<\/h2>\n\n\n\n<p><strong>Nach 6 Monaten, 57 ver\u00f6ffentlichten Beitr\u00e4gen, 28 Kommentaren und 3151 Nutzer\/innen wollten wir von unseren Leserinnen und Lesern wissen, welche Erfahrungen sie mit dem Blog Schulf\u00fchrung machen. 46 Personen haben geantwortet \u2013 herzlichen Dank! Die Ergebnisse der Online-Umfrage pr\u00e4sentieren sich wie folgt:\u00a0<\/strong><\/p>\n\n\n\n<p><strong>Qualit\u00e4t<\/strong><strong>&nbsp;der Beitr\u00e4ge<\/strong><\/p>\n\n\n\n<div class=\"wp-block-image\"><figure class=\"alignleft\"><img loading=\"lazy\" decoding=\"async\" width=\"300\" height=\"81\" src=\"http:\/\/blog.phzh.ch\/schulfuehrung\/files\/2018\/11\/lit_Sterne-300x81.jpeg\" alt=\"\" class=\"wp-image-701\" srcset=\"https:\/\/blog.phzh.ch\/schulfuehrung\/files\/2018\/11\/lit_Sterne-300x81.jpeg 300w, https:\/\/blog.phzh.ch\/schulfuehrung\/files\/2018\/11\/lit_Sterne.jpeg 477w\" sizes=\"auto, (max-width: 300px) 100vw, 300px\" \/><\/figure><\/div>\n\n\n\n<ul class=\"wp-block-list\"><li>Die Qualit\u00e4t wird mit durchschnittlich 4 von 5 Sternen bewertet<\/li><\/ul>\n\n\n\n<p><strong>Relevanz der Beitr\u00e4ge f\u00fcr die eigene Arbeit<\/strong><\/p>\n\n\n\n<div class=\"wp-block-image\"><figure class=\"alignleft\"><img loading=\"lazy\" decoding=\"async\" width=\"300\" height=\"81\" src=\"http:\/\/blog.phzh.ch\/schulfuehrung\/files\/2018\/11\/lit_Sterne-300x81.jpeg\" alt=\"\" class=\"wp-image-701\" srcset=\"https:\/\/blog.phzh.ch\/schulfuehrung\/files\/2018\/11\/lit_Sterne-300x81.jpeg 300w, https:\/\/blog.phzh.ch\/schulfuehrung\/files\/2018\/11\/lit_Sterne.jpeg 477w\" sizes=\"auto, (max-width: 300px) 100vw, 300px\" \/><\/figure><\/div>\n\n\n\n<ul class=\"wp-block-list\"><li>Die Relevanz wird mit durchschnittlich 4 von 5 Sternen bewertet<\/li><\/ul>\n\n\n\n<p><strong>Weiterempfehlung<\/strong><\/p>\n\n\n\n<div class=\"wp-block-image\"><figure class=\"alignleft\"><img loading=\"lazy\" decoding=\"async\" width=\"300\" height=\"257\" src=\"http:\/\/blog.phzh.ch\/schulfuehrung\/files\/2018\/11\/lit_Weiterempfehlung-300x257.jpeg\" alt=\"\" class=\"wp-image-702\" srcset=\"https:\/\/blog.phzh.ch\/schulfuehrung\/files\/2018\/11\/lit_Weiterempfehlung-300x257.jpeg 300w, https:\/\/blog.phzh.ch\/schulfuehrung\/files\/2018\/11\/lit_Weiterempfehlung.jpeg 480w\" sizes=\"auto, (max-width: 300px) 100vw, 300px\" \/><\/figure><\/div>\n\n\n\n<ul class=\"wp-block-list\"><li>68&nbsp;% der Leserinnen und Leser geben an, den Blog Schulf\u00fchrung weiterempfohlen zu haben<\/li><\/ul>\n\n\n\n<p><strong>L\u00e4nge der Beitr\u00e4ge<\/strong><\/p>\n\n\n\n<div class=\"wp-block-image\"><figure class=\"alignleft\"><img decoding=\"async\" src=\"http:\/\/blog.phzh.ch\/schulfuehrung\/files\/2018\/11\/lit_L\u00e4nge-300x269.jpeg\" alt=\"\" class=\"wp-image-703\" \/><\/figure><\/div>\n\n\n\n<ul class=\"wp-block-list\"><li>84&nbsp;% der Leserinnen und Leser geben an, dass die L\u00e4nge der Beitr\u00e4ge genau richtig sei<\/li><\/ul>\n\n\n\n<p><strong>Menge von zwei Beitr\u00e4gen pro Woche<\/strong><\/p>\n\n\n\n<div class=\"wp-block-image\"><figure class=\"alignleft\"><img loading=\"lazy\" decoding=\"async\" width=\"300\" height=\"279\" src=\"http:\/\/blog.phzh.ch\/schulfuehrung\/files\/2018\/11\/lit_Anzahl-300x279.jpeg\" alt=\"\" class=\"wp-image-704\" srcset=\"https:\/\/blog.phzh.ch\/schulfuehrung\/files\/2018\/11\/lit_Anzahl-300x279.jpeg 300w, https:\/\/blog.phzh.ch\/schulfuehrung\/files\/2018\/11\/lit_Anzahl.jpeg 441w\" sizes=\"auto, (max-width: 300px) 100vw, 300px\" \/><\/figure><\/div>\n\n\n\n<ul class=\"wp-block-list\"><li>77&nbsp;% der Leserinnen und Leser geben an, dass die Menge genau richtig sei<\/li><li>16&nbsp;% der Leserinnen und Leser geben an, dass die Menge zu viel sei<\/li><\/ul>\n\n\n\n<p><strong>Beliebtheit der einzelnen Rubriken<\/strong><\/p>\n\n\n\n<div class=\"wp-block-image\"><figure class=\"alignleft\"><img loading=\"lazy\" decoding=\"async\" width=\"300\" height=\"250\" src=\"http:\/\/blog.phzh.ch\/schulfuehrung\/files\/2018\/11\/lit_Rubrik1-300x250.jpeg\" alt=\"\" class=\"wp-image-705\" srcset=\"https:\/\/blog.phzh.ch\/schulfuehrung\/files\/2018\/11\/lit_Rubrik1-300x250.jpeg 300w, https:\/\/blog.phzh.ch\/schulfuehrung\/files\/2018\/11\/lit_Rubrik1.jpeg 482w\" sizes=\"auto, (max-width: 300px) 100vw, 300px\" \/><\/figure><\/div>\n\n\n\n<figure class=\"wp-block-image\"><img loading=\"lazy\" decoding=\"async\" width=\"300\" height=\"300\" src=\"http:\/\/blog.phzh.ch\/schulfuehrung\/files\/2018\/11\/lit_Rubrik2-300x300.jpeg\" alt=\"\" class=\"wp-image-706\" srcset=\"https:\/\/blog.phzh.ch\/schulfuehrung\/files\/2018\/11\/lit_Rubrik2-300x300.jpeg 300w, https:\/\/blog.phzh.ch\/schulfuehrung\/files\/2018\/11\/lit_Rubrik2-150x150.jpeg 150w, https:\/\/blog.phzh.ch\/schulfuehrung\/files\/2018\/11\/lit_Rubrik2.jpeg 401w\" sizes=\"auto, (max-width: 300px) 100vw, 300px\" \/><\/figure>\n\n\n\n<p><strong>Dies sind die W\u00fcnsche unserer Leserschaft<\/strong><\/p>\n\n\n\n<ul class=\"wp-block-list\"><li>Weiterhin praxisnahe Beitr\u00e4ge<\/li><li>Relevante Themen aufnehmen<\/li><li>Weiterhin relevante, praxisnahe Themen f\u00fcr SL und Theorieinputs<\/li><li>Weiterf\u00fchren des Blogs<\/li><li>Noch mehr von Ihnen zu lesen \ud83d\ude42<\/li><li>Nicht&nbsp;all zu&nbsp;&#8222;Z\u00fcrich&#8220;-lastig&nbsp;zu sein<\/li><li>Ich folge dem Blog, aber hatte bisher nicht das Bed\u00fcrfnis zu kommentieren oder \u00c4hnliches. Das werde ich noch etwas so halten. Bitte nicht als Desinteresse interpretieren. Ich w\u00fcnsche mir knapp, knackige Beitr\u00e4ge, die mir zeigen, was so l\u00e4uft und mein Nachdenken \u00fcber Schulentwicklung und F\u00fchrung anregen. Nach spannenden Inhalten, auf einen Kurs oder WB hinzuweisen ist ok. Aber nicht nur, um Werbung f\u00fcr den Kurs zu machen. Oder dann m\u00f6chte ich die Wahl, welchen Themen&nbsp;ich folge und eines k\u00f6nnte sein: Hinweise auf aktuelle Weiterbildungen. Grunds\u00e4tzlich lieber mal einen Text weniger, als einen ohne viel Inhalt.<\/li><li>Dass es den Blog Schulf\u00fchrung noch lange gibt und ihr den &#8218;Schnuf&#8216; nicht verliert<\/li><li>Ausleuchten aller Facetten dieser komplexen Aufgabe auf kognitiver, emotionaler und handlungsspezifischer Ebene<\/li><li>mehr Portraits von SL in verschiedensten Kontexten<\/li><li>Rezensionen<\/li><li>Sekstufe&nbsp;II miteinbeziehen<\/li><li>Konkrete Tipps und Tricks auch f\u00fcr Schulleitungsneulinge<\/li><li>F\u00fchrungsrelevante Themen m\u00f6glichst kompakt<\/li><li>Mehr Blick in die Zukunft&nbsp;\/ Visionen<\/li><li>Hinweise zu Tagungen, Referate, Konferenzen zu neuen Ideen wie Schule ganzheitlich und nachhaltig&nbsp;geleitet und gelebt werden k\u00f6nnte<\/li><li>Stufen\u00fcbergreifende Beitr\u00e4ge<\/li><li>Thematische&nbsp;Strukutrierung&nbsp;in aktuellen Fragen von und f\u00fcr Schulleitungen, Belangen der Schule&nbsp;zur aktuellen Neuerungen&nbsp;und Erscheinungen im Schulwesen sowie Verweise auf wissenschaftliche und gesetzliche Grundlagen<\/li><li>F\u00fchrung von privaten und \u00f6ffentlichen Bildungseinrichtungen<\/li><li>Eine schnelle \u00dcbersicht \u00fcber alle Artikel<\/li><\/ul>\n\n\n\n<p>Und was geschieht nun mit den Ergebnissen der Umfrage? Alles kann an dieser Stelle noch nicht verraten werden. Nur mal soviel: Uns geht der Schnauf noch lange nicht aus \u2013 ganz im Gegenteil. Mit Hochdruck arbeiten wir an der Weiterentwicklung unseres Blogs hin zu einer Austauschplattform f\u00fcr Schulf\u00fchrungspersonen.<\/p>\n\n\n\n<p>Was w\u00fcnschen Sie sich vom Blog Schulf\u00fchrung? Wir freuen uns \u00fcber Anregungen. Jetzt einen Kommentar abgeben!<\/p>\n\n\n\n<p>Sie m\u00f6chten in unserem Blog Schulf\u00fchrung mitschreiben? Fordern Sie die Handreichung f\u00fcr Autorinnen und Autoren an: <a href=\"joerg.berger@phzh.ch\">joerg.berger@phzh.ch<\/a><\/p>\n\n\n\n<p><em>J\u00f6rg Berger, Schulleiter Schule Knonau und Wissenschaftlicher Mitarbeiter, Zentrum Management und Leadership, PH Z\u00fcrich<\/em><\/p>\n","protected":false},"excerpt":{"rendered":"<p>\u00abIch w\u00fcnsche mir noch mehr von Ihnen zu lesen.\u00bb Nach 6 Monaten, 57 ver\u00f6ffentlichten Beitr\u00e4gen, 28 Kommentaren und 3151 Nutzer\/innen wollten wir von unseren Leserinnen und Lesern wissen, welche Erfahrungen sie mit dem Blog Schulf\u00fchrung machen. 46 Personen haben geantwortet \u2013 herzlichen Dank! Die Ergebnisse der Online-Umfrage pr\u00e4sentieren sich wie folgt:\u00a0 Qualit\u00e4t&nbsp;der Beitr\u00e4ge Die Qualit\u00e4t &hellip; <a href=\"https:\/\/blog.phzh.ch\/schulfuehrung\/leserschaft-umfrage\/\" class=\"more-link\"><span class=\"screen-reader-text\">Leserschafts-Umfrage<\/span> weiterlesen<\/a><\/p>\n","protected":false},"author":1416,"featured_media":0,"parent":0,"menu_order":0,"comment_status":"closed","ping_status":"closed","template":"","meta":{"sfsi_plus_gutenberg_text_before_share":"","sfsi_plus_gutenberg_show_text_before_share":"","sfsi_plus_gutenberg_icon_type":"","sfsi_plus_gutenberg_icon_alignemt":"","sfsi_plus_gutenburg_max_per_row":"","footnotes":""},"class_list":["post-1312","page","type-page","status-publish","hentry"],"yoast_head":"<!-- This site is optimized with the Yoast SEO plugin v26.8 - https:\/\/yoast.com\/product\/yoast-seo-wordpress\/ -->\n<title>Leserschafts-Umfrage - Schulf\u00fchrung<\/title>\n<meta name=\"robots\" content=\"index, follow, max-snippet:-1, max-image-preview:large, max-video-preview:-1\" \/>\n<link rel=\"canonical\" href=\"https:\/\/blog.phzh.ch\/schulfuehrung\/leserschaft-umfrage\/\" \/>\n<meta property=\"og:locale\" content=\"de_DE\" \/>\n<meta property=\"og:type\" content=\"article\" \/>\n<meta property=\"og:title\" content=\"Leserschafts-Umfrage - Schulf\u00fchrung\" \/>\n<meta property=\"og:description\" content=\"\u00abIch w\u00fcnsche mir noch mehr von Ihnen zu lesen.\u00bb Nach 6 Monaten, 57 ver\u00f6ffentlichten Beitr\u00e4gen, 28 Kommentaren und 3151 Nutzer\/innen wollten wir von unseren Leserinnen und Lesern wissen, welche Erfahrungen sie mit dem Blog Schulf\u00fchrung machen. 46 Personen haben geantwortet \u2013 herzlichen Dank! Die Ergebnisse der Online-Umfrage pr\u00e4sentieren sich wie folgt:\u00a0 Qualit\u00e4t&nbsp;der Beitr\u00e4ge Die Qualit\u00e4t &hellip; Leserschafts-Umfrage weiterlesen\" \/>\n<meta property=\"og:url\" content=\"https:\/\/blog.phzh.ch\/schulfuehrung\/leserschaft-umfrage\/\" \/>\n<meta property=\"og:site_name\" content=\"Schulf\u00fchrung\" \/>\n<meta property=\"article:modified_time\" content=\"2019-05-19T07:05:48+00:00\" \/>\n<meta property=\"og:image\" content=\"http:\/\/blog.phzh.ch\/schulfuehrung\/files\/2018\/11\/lit_Sterne-300x81.jpeg\" \/>\n<meta name=\"twitter:card\" content=\"summary_large_image\" \/>\n<meta name=\"twitter:label1\" content=\"Gesch\u00e4tzte Lesezeit\" \/>\n\t<meta name=\"twitter:data1\" content=\"3\u00a0Minuten\" \/>\n<script type=\"application\/ld+json\" class=\"yoast-schema-graph\">{\"@context\":\"https:\/\/schema.org\",\"@graph\":[{\"@type\":\"WebPage\",\"@id\":\"https:\/\/blog.phzh.ch\/schulfuehrung\/leserschaft-umfrage\/\",\"url\":\"https:\/\/blog.phzh.ch\/schulfuehrung\/leserschaft-umfrage\/\",\"name\":\"Leserschafts-Umfrage - Schulf\u00fchrung\",\"isPartOf\":{\"@id\":\"https:\/\/blog.phzh.ch\/schulfuehrung\/#website\"},\"primaryImageOfPage\":{\"@id\":\"https:\/\/blog.phzh.ch\/schulfuehrung\/leserschaft-umfrage\/#primaryimage\"},\"image\":{\"@id\":\"https:\/\/blog.phzh.ch\/schulfuehrung\/leserschaft-umfrage\/#primaryimage\"},\"thumbnailUrl\":\"http:\/\/blog.phzh.ch\/schulfuehrung\/files\/2018\/11\/lit_Sterne-300x81.jpeg\",\"datePublished\":\"2019-05-19T06:57:24+00:00\",\"dateModified\":\"2019-05-19T07:05:48+00:00\",\"breadcrumb\":{\"@id\":\"https:\/\/blog.phzh.ch\/schulfuehrung\/leserschaft-umfrage\/#breadcrumb\"},\"inLanguage\":\"de\",\"potentialAction\":[{\"@type\":\"ReadAction\",\"target\":[\"https:\/\/blog.phzh.ch\/schulfuehrung\/leserschaft-umfrage\/\"]}]},{\"@type\":\"ImageObject\",\"inLanguage\":\"de\",\"@id\":\"https:\/\/blog.phzh.ch\/schulfuehrung\/leserschaft-umfrage\/#primaryimage\",\"url\":\"https:\/\/blog.phzh.ch\/schulfuehrung\/files\/2018\/11\/lit_Sterne.jpeg\",\"contentUrl\":\"https:\/\/blog.phzh.ch\/schulfuehrung\/files\/2018\/11\/lit_Sterne.jpeg\",\"width\":477,\"height\":128},{\"@type\":\"BreadcrumbList\",\"@id\":\"https:\/\/blog.phzh.ch\/schulfuehrung\/leserschaft-umfrage\/#breadcrumb\",\"itemListElement\":[{\"@type\":\"ListItem\",\"position\":1,\"name\":\"Startseite\",\"item\":\"https:\/\/blog.phzh.ch\/schulfuehrung\/\"},{\"@type\":\"ListItem\",\"position\":2,\"name\":\"Leserschafts-Umfrage\"}]},{\"@type\":\"WebSite\",\"@id\":\"https:\/\/blog.phzh.ch\/schulfuehrung\/#website\",\"url\":\"https:\/\/blog.phzh.ch\/schulfuehrung\/\",\"name\":\"Schulf\u00fchrung\",\"description\":\"phzh.ch\/schulfuehrung\",\"potentialAction\":[{\"@type\":\"SearchAction\",\"target\":{\"@type\":\"EntryPoint\",\"urlTemplate\":\"https:\/\/blog.phzh.ch\/schulfuehrung\/?s={search_term_string}\"},\"query-input\":{\"@type\":\"PropertyValueSpecification\",\"valueRequired\":true,\"valueName\":\"search_term_string\"}}],\"inLanguage\":\"de\"}]}<\/script>\n<!-- \/ Yoast SEO plugin. -->","yoast_head_json":{"title":"Leserschafts-Umfrage - Schulf\u00fchrung","robots":{"index":"index","follow":"follow","max-snippet":"max-snippet:-1","max-image-preview":"max-image-preview:large","max-video-preview":"max-video-preview:-1"},"canonical":"https:\/\/blog.phzh.ch\/schulfuehrung\/leserschaft-umfrage\/","og_locale":"de_DE","og_type":"article","og_title":"Leserschafts-Umfrage - Schulf\u00fchrung","og_description":"\u00abIch w\u00fcnsche mir noch mehr von Ihnen zu lesen.\u00bb Nach 6 Monaten, 57 ver\u00f6ffentlichten Beitr\u00e4gen, 28 Kommentaren und 3151 Nutzer\/innen wollten wir von unseren Leserinnen und Lesern wissen, welche Erfahrungen sie mit dem Blog Schulf\u00fchrung machen. 46 Personen haben geantwortet \u2013 herzlichen Dank! Die Ergebnisse der Online-Umfrage pr\u00e4sentieren sich wie folgt:\u00a0 Qualit\u00e4t&nbsp;der Beitr\u00e4ge Die Qualit\u00e4t &hellip; Leserschafts-Umfrage weiterlesen","og_url":"https:\/\/blog.phzh.ch\/schulfuehrung\/leserschaft-umfrage\/","og_site_name":"Schulf\u00fchrung","article_modified_time":"2019-05-19T07:05:48+00:00","og_image":[{"url":"http:\/\/blog.phzh.ch\/schulfuehrung\/files\/2018\/11\/lit_Sterne-300x81.jpeg","type":"","width":"","height":""}],"twitter_card":"summary_large_image","twitter_misc":{"Gesch\u00e4tzte Lesezeit":"3\u00a0Minuten"},"schema":{"@context":"https:\/\/schema.org","@graph":[{"@type":"WebPage","@id":"https:\/\/blog.phzh.ch\/schulfuehrung\/leserschaft-umfrage\/","url":"https:\/\/blog.phzh.ch\/schulfuehrung\/leserschaft-umfrage\/","name":"Leserschafts-Umfrage - Schulf\u00fchrung","isPartOf":{"@id":"https:\/\/blog.phzh.ch\/schulfuehrung\/#website"},"primaryImageOfPage":{"@id":"https:\/\/blog.phzh.ch\/schulfuehrung\/leserschaft-umfrage\/#primaryimage"},"image":{"@id":"https:\/\/blog.phzh.ch\/schulfuehrung\/leserschaft-umfrage\/#primaryimage"},"thumbnailUrl":"http:\/\/blog.phzh.ch\/schulfuehrung\/files\/2018\/11\/lit_Sterne-300x81.jpeg","datePublished":"2019-05-19T06:57:24+00:00","dateModified":"2019-05-19T07:05:48+00:00","breadcrumb":{"@id":"https:\/\/blog.phzh.ch\/schulfuehrung\/leserschaft-umfrage\/#breadcrumb"},"inLanguage":"de","potentialAction":[{"@type":"ReadAction","target":["https:\/\/blog.phzh.ch\/schulfuehrung\/leserschaft-umfrage\/"]}]},{"@type":"ImageObject","inLanguage":"de","@id":"https:\/\/blog.phzh.ch\/schulfuehrung\/leserschaft-umfrage\/#primaryimage","url":"https:\/\/blog.phzh.ch\/schulfuehrung\/files\/2018\/11\/lit_Sterne.jpeg","contentUrl":"https:\/\/blog.phzh.ch\/schulfuehrung\/files\/2018\/11\/lit_Sterne.jpeg","width":477,"height":128},{"@type":"BreadcrumbList","@id":"https:\/\/blog.phzh.ch\/schulfuehrung\/leserschaft-umfrage\/#breadcrumb","itemListElement":[{"@type":"ListItem","position":1,"name":"Startseite","item":"https:\/\/blog.phzh.ch\/schulfuehrung\/"},{"@type":"ListItem","position":2,"name":"Leserschafts-Umfrage"}]},{"@type":"WebSite","@id":"https:\/\/blog.phzh.ch\/schulfuehrung\/#website","url":"https:\/\/blog.phzh.ch\/schulfuehrung\/","name":"Schulf\u00fchrung","description":"phzh.ch\/schulfuehrung","potentialAction":[{"@type":"SearchAction","target":{"@type":"EntryPoint","urlTemplate":"https:\/\/blog.phzh.ch\/schulfuehrung\/?s={search_term_string}"},"query-input":{"@type":"PropertyValueSpecification","valueRequired":true,"valueName":"search_term_string"}}],"inLanguage":"de"}]}},"_links":{"self":[{"href":"https:\/\/blog.phzh.ch\/schulfuehrung\/wp-json\/wp\/v2\/pages\/1312","targetHints":{"allow":["GET"]}}],"collection":[{"href":"https:\/\/blog.phzh.ch\/schulfuehrung\/wp-json\/wp\/v2\/pages"}],"about":[{"href":"https:\/\/blog.phzh.ch\/schulfuehrung\/wp-json\/wp\/v2\/types\/page"}],"author":[{"embeddable":true,"href":"https:\/\/blog.phzh.ch\/schulfuehrung\/wp-json\/wp\/v2\/users\/1416"}],"replies":[{"embeddable":true,"href":"https:\/\/blog.phzh.ch\/schulfuehrung\/wp-json\/wp\/v2\/comments?post=1312"}],"version-history":[{"count":5,"href":"https:\/\/blog.phzh.ch\/schulfuehrung\/wp-json\/wp\/v2\/pages\/1312\/revisions"}],"predecessor-version":[{"id":1319,"href":"https:\/\/blog.phzh.ch\/schulfuehrung\/wp-json\/wp\/v2\/pages\/1312\/revisions\/1319"}],"wp:attachment":[{"href":"https:\/\/blog.phzh.ch\/schulfuehrung\/wp-json\/wp\/v2\/media?parent=1312"}],"curies":[{"name":"wp","href":"https:\/\/api.w.org\/{rel}","templated":true}]}}