{"id":18,"date":"2017-03-20T12:04:32","date_gmt":"2017-03-20T11:04:32","guid":{"rendered":"https:\/\/blog.phzh.ch\/bibliothek\/?page_id=18"},"modified":"2024-08-28T13:06:15","modified_gmt":"2024-08-28T11:06:15","slug":"ueber-diesen-blog","status":"publish","type":"page","link":"https:\/\/blog.phzh.ch\/bibliothek\/ueber-diesen-blog\/","title":{"rendered":"\u00dcber diesen Blog"},"content":{"rendered":"<p>Dieser Blog informiert Sie \u00fcber bestehende und k\u00fcnftige Dienstleistungen der Bibliothek der PH Z\u00fcrich, sowie \u00fcber n\u00fctzliche Angebote aus der informationswissenschaftlichen Welt, seien sie physischer oder digitaler Natur. Dadurch lernen Sie das vielf\u00e4ltige Angebot der Bibliothek kennen und k\u00f6nnen dieses gewinnbringend f\u00fcr Ihr Studium oder Ihre Arbeit nutzen.<\/p>\n<p>Sagen Sie uns Ihre Meinung! Z\u00f6gern Sie nicht, Beitr\u00e4ge zu kommentieren. Anregungen und Hinweise f\u00fcr weitere Themen sind sehr willkommen. Schreiben Sie an: <a href=\"mailto:andreas.grossmann@phzh.ch\"><u>andreas.grossmann@phzh.ch<\/u><\/a><\/p>\n","protected":false},"excerpt":{"rendered":"<p>Dieser Blog informiert Sie \u00fcber bestehende und k\u00fcnftige Dienstleistungen der Bibliothek der PH Z\u00fcrich, sowie \u00fcber n\u00fctzliche Angebote aus der informationswissenschaftlichen Welt, seien sie physischer oder digitaler Natur. Dadurch lernen Sie das vielf\u00e4ltige Angebot der Bibliothek kennen und k\u00f6nnen dieses gewinnbringend f\u00fcr Ihr Studium oder Ihre Arbeit nutzen. Sagen Sie uns Ihre Meinung! Z\u00f6gern Sie &hellip; <a href=\"https:\/\/blog.phzh.ch\/bibliothek\/ueber-diesen-blog\/\" class=\"more-link\"><span class=\"screen-reader-text\">\u00dcber diesen Blog<\/span> weiterlesen<\/a><\/p>\n","protected":false},"author":1,"featured_media":0,"parent":0,"menu_order":0,"comment_status":"closed","ping_status":"closed","template":"","meta":{"sfsi_plus_gutenberg_text_before_share":"","sfsi_plus_gutenberg_show_text_before_share":"","sfsi_plus_gutenberg_icon_type":"","sfsi_plus_gutenberg_icon_alignemt":"","sfsi_plus_gutenburg_max_per_row":"","_s2mail":"yes","footnotes":""},"class_list":["post-18","page","type-page","status-publish","hentry"],"yoast_head":"<!-- This site is optimized with the Yoast SEO plugin v26.8 - https:\/\/yoast.com\/product\/yoast-seo-wordpress\/ -->\n<title>\u00dcber diesen Blog - biblioPHil<\/title>\n<meta name=\"robots\" content=\"index, follow, max-snippet:-1, max-image-preview:large, max-video-preview:-1\" \/>\n<link rel=\"canonical\" href=\"https:\/\/blog.phzh.ch\/bibliothek\/ueber-diesen-blog\/\" \/>\n<meta property=\"og:locale\" content=\"de_DE\" \/>\n<meta property=\"og:type\" content=\"article\" \/>\n<meta property=\"og:title\" content=\"\u00dcber diesen Blog - biblioPHil\" \/>\n<meta property=\"og:description\" content=\"Dieser Blog informiert Sie \u00fcber bestehende und k\u00fcnftige Dienstleistungen der Bibliothek der PH Z\u00fcrich, sowie \u00fcber n\u00fctzliche Angebote aus der informationswissenschaftlichen Welt, seien sie physischer oder digitaler Natur. Dadurch lernen Sie das vielf\u00e4ltige Angebot der Bibliothek kennen und k\u00f6nnen dieses gewinnbringend f\u00fcr Ihr Studium oder Ihre Arbeit nutzen. Sagen Sie uns Ihre Meinung! Z\u00f6gern Sie &hellip; \u00dcber diesen Blog weiterlesen\" \/>\n<meta property=\"og:url\" content=\"https:\/\/blog.phzh.ch\/bibliothek\/ueber-diesen-blog\/\" \/>\n<meta property=\"og:site_name\" content=\"biblioPHil\" \/>\n<meta property=\"article:modified_time\" content=\"2024-08-28T11:06:15+00:00\" \/>\n<meta name=\"twitter:card\" content=\"summary_large_image\" \/>\n<meta name=\"twitter:label1\" content=\"Gesch\u00e4tzte Lesezeit\" \/>\n\t<meta name=\"twitter:data1\" content=\"1\u00a0Minute\" \/>\n<script type=\"application\/ld+json\" class=\"yoast-schema-graph\">{\"@context\":\"https:\/\/schema.org\",\"@graph\":[{\"@type\":\"WebPage\",\"@id\":\"https:\/\/blog.phzh.ch\/bibliothek\/ueber-diesen-blog\/\",\"url\":\"https:\/\/blog.phzh.ch\/bibliothek\/ueber-diesen-blog\/\",\"name\":\"\u00dcber diesen Blog - biblioPHil\",\"isPartOf\":{\"@id\":\"https:\/\/blog.phzh.ch\/bibliothek\/#website\"},\"datePublished\":\"2017-03-20T11:04:32+00:00\",\"dateModified\":\"2024-08-28T11:06:15+00:00\",\"breadcrumb\":{\"@id\":\"https:\/\/blog.phzh.ch\/bibliothek\/ueber-diesen-blog\/#breadcrumb\"},\"inLanguage\":\"de\",\"potentialAction\":[{\"@type\":\"ReadAction\",\"target\":[\"https:\/\/blog.phzh.ch\/bibliothek\/ueber-diesen-blog\/\"]}]},{\"@type\":\"BreadcrumbList\",\"@id\":\"https:\/\/blog.phzh.ch\/bibliothek\/ueber-diesen-blog\/#breadcrumb\",\"itemListElement\":[{\"@type\":\"ListItem\",\"position\":1,\"name\":\"Home\",\"item\":\"https:\/\/blog.phzh.ch\/bibliothek\/\"},{\"@type\":\"ListItem\",\"position\":2,\"name\":\"\u00dcber diesen Blog\"}]},{\"@type\":\"WebSite\",\"@id\":\"https:\/\/blog.phzh.ch\/bibliothek\/#website\",\"url\":\"https:\/\/blog.phzh.ch\/bibliothek\/\",\"name\":\"biblioPHil\",\"description\":\"Blog der Bibliothek der PH Z\u00fcrich\",\"potentialAction\":[{\"@type\":\"SearchAction\",\"target\":{\"@type\":\"EntryPoint\",\"urlTemplate\":\"https:\/\/blog.phzh.ch\/bibliothek\/?s={search_term_string}\"},\"query-input\":{\"@type\":\"PropertyValueSpecification\",\"valueRequired\":true,\"valueName\":\"search_term_string\"}}],\"inLanguage\":\"de\"}]}<\/script>\n<!-- \/ Yoast SEO plugin. -->","yoast_head_json":{"title":"\u00dcber diesen Blog - biblioPHil","robots":{"index":"index","follow":"follow","max-snippet":"max-snippet:-1","max-image-preview":"max-image-preview:large","max-video-preview":"max-video-preview:-1"},"canonical":"https:\/\/blog.phzh.ch\/bibliothek\/ueber-diesen-blog\/","og_locale":"de_DE","og_type":"article","og_title":"\u00dcber diesen Blog - biblioPHil","og_description":"Dieser Blog informiert Sie \u00fcber bestehende und k\u00fcnftige Dienstleistungen der Bibliothek der PH Z\u00fcrich, sowie \u00fcber n\u00fctzliche Angebote aus der informationswissenschaftlichen Welt, seien sie physischer oder digitaler Natur. Dadurch lernen Sie das vielf\u00e4ltige Angebot der Bibliothek kennen und k\u00f6nnen dieses gewinnbringend f\u00fcr Ihr Studium oder Ihre Arbeit nutzen. Sagen Sie uns Ihre Meinung! Z\u00f6gern Sie &hellip; \u00dcber diesen Blog weiterlesen","og_url":"https:\/\/blog.phzh.ch\/bibliothek\/ueber-diesen-blog\/","og_site_name":"biblioPHil","article_modified_time":"2024-08-28T11:06:15+00:00","twitter_card":"summary_large_image","twitter_misc":{"Gesch\u00e4tzte Lesezeit":"1\u00a0Minute"},"schema":{"@context":"https:\/\/schema.org","@graph":[{"@type":"WebPage","@id":"https:\/\/blog.phzh.ch\/bibliothek\/ueber-diesen-blog\/","url":"https:\/\/blog.phzh.ch\/bibliothek\/ueber-diesen-blog\/","name":"\u00dcber diesen Blog - biblioPHil","isPartOf":{"@id":"https:\/\/blog.phzh.ch\/bibliothek\/#website"},"datePublished":"2017-03-20T11:04:32+00:00","dateModified":"2024-08-28T11:06:15+00:00","breadcrumb":{"@id":"https:\/\/blog.phzh.ch\/bibliothek\/ueber-diesen-blog\/#breadcrumb"},"inLanguage":"de","potentialAction":[{"@type":"ReadAction","target":["https:\/\/blog.phzh.ch\/bibliothek\/ueber-diesen-blog\/"]}]},{"@type":"BreadcrumbList","@id":"https:\/\/blog.phzh.ch\/bibliothek\/ueber-diesen-blog\/#breadcrumb","itemListElement":[{"@type":"ListItem","position":1,"name":"Home","item":"https:\/\/blog.phzh.ch\/bibliothek\/"},{"@type":"ListItem","position":2,"name":"\u00dcber diesen Blog"}]},{"@type":"WebSite","@id":"https:\/\/blog.phzh.ch\/bibliothek\/#website","url":"https:\/\/blog.phzh.ch\/bibliothek\/","name":"biblioPHil","description":"Blog der Bibliothek der PH Z\u00fcrich","potentialAction":[{"@type":"SearchAction","target":{"@type":"EntryPoint","urlTemplate":"https:\/\/blog.phzh.ch\/bibliothek\/?s={search_term_string}"},"query-input":{"@type":"PropertyValueSpecification","valueRequired":true,"valueName":"search_term_string"}}],"inLanguage":"de"}]}},"_links":{"self":[{"href":"https:\/\/blog.phzh.ch\/bibliothek\/wp-json\/wp\/v2\/pages\/18","targetHints":{"allow":["GET"]}}],"collection":[{"href":"https:\/\/blog.phzh.ch\/bibliothek\/wp-json\/wp\/v2\/pages"}],"about":[{"href":"https:\/\/blog.phzh.ch\/bibliothek\/wp-json\/wp\/v2\/types\/page"}],"author":[{"embeddable":true,"href":"https:\/\/blog.phzh.ch\/bibliothek\/wp-json\/wp\/v2\/users\/1"}],"replies":[{"embeddable":true,"href":"https:\/\/blog.phzh.ch\/bibliothek\/wp-json\/wp\/v2\/comments?post=18"}],"version-history":[{"count":5,"href":"https:\/\/blog.phzh.ch\/bibliothek\/wp-json\/wp\/v2\/pages\/18\/revisions"}],"predecessor-version":[{"id":2323,"href":"https:\/\/blog.phzh.ch\/bibliothek\/wp-json\/wp\/v2\/pages\/18\/revisions\/2323"}],"wp:attachment":[{"href":"https:\/\/blog.phzh.ch\/bibliothek\/wp-json\/wp\/v2\/media?parent=18"}],"curies":[{"name":"wp","href":"https:\/\/api.w.org\/{rel}","templated":true}]}}