{"id":12,"date":"2017-03-20T11:55:18","date_gmt":"2017-03-20T10:55:18","guid":{"rendered":"https:\/\/blog.phzh.ch\/bibliothek\/?page_id=12"},"modified":"2024-08-28T13:07:12","modified_gmt":"2024-08-28T11:07:12","slug":"impressum","status":"publish","type":"page","link":"https:\/\/blog.phzh.ch\/bibliothek\/impressum\/","title":{"rendered":"Impressum"},"content":{"rendered":"<p><strong>Redaktion: <\/strong><a href=\"mailto:andreas.grossmann@phzh.ch\">Andreas Grossmann<\/a> (AGO)<\/p>\n<p><strong>Adresse:<\/strong> PH Z\u00fcrich, Bibliothek, Lagerstrasse 2, 8090 Z\u00fcrich<\/p>\n<p><strong>Disclaimer:<\/strong> Die von den Redaktionsmitarbeitenden verfassten Beitr\u00e4ge und Kommentare stellen deren pers\u00f6nliche Meinung dar. Zitierte Artikel stellen die Meinung der jeweiligen Verfasser dar. Querverweise und Links werden m\u00f6glichst sorgf\u00e4ltig ausgesucht. Trotz dieser Kontrolle \u00fcbernehmen wir keine Haftung f\u00fcr die Inhalte externer Links. F\u00fcr den Inhalt der verlinkten Seiten sind ausschlie\u00dflich deren Betreiber verantwortlich.<\/p>\n<p>Die Redaktion beh\u00e4lt sich vor, unangebrachte und beleidigende Kommentare zu l\u00f6schen.<\/p>\n","protected":false},"excerpt":{"rendered":"<p>Redaktion: Andreas Grossmann (AGO) Adresse: PH Z\u00fcrich, Bibliothek, Lagerstrasse 2, 8090 Z\u00fcrich Disclaimer: Die von den Redaktionsmitarbeitenden verfassten Beitr\u00e4ge und Kommentare stellen deren pers\u00f6nliche Meinung dar. Zitierte Artikel stellen die Meinung der jeweiligen Verfasser dar. Querverweise und Links werden m\u00f6glichst sorgf\u00e4ltig ausgesucht. Trotz dieser Kontrolle \u00fcbernehmen wir keine Haftung f\u00fcr die Inhalte externer Links. F\u00fcr &hellip; <a href=\"https:\/\/blog.phzh.ch\/bibliothek\/impressum\/\" class=\"more-link\"><span class=\"screen-reader-text\">Impressum<\/span> weiterlesen<\/a><\/p>\n","protected":false},"author":1,"featured_media":0,"parent":0,"menu_order":1,"comment_status":"closed","ping_status":"closed","template":"","meta":{"sfsi_plus_gutenberg_text_before_share":"","sfsi_plus_gutenberg_show_text_before_share":"","sfsi_plus_gutenberg_icon_type":"","sfsi_plus_gutenberg_icon_alignemt":"","sfsi_plus_gutenburg_max_per_row":"","_s2mail":"yes","footnotes":""},"class_list":["post-12","page","type-page","status-publish","hentry"],"yoast_head":"<!-- This site is optimized with the Yoast SEO plugin v26.8 - https:\/\/yoast.com\/product\/yoast-seo-wordpress\/ -->\n<title>Impressum - biblioPHil<\/title>\n<meta name=\"robots\" content=\"index, follow, max-snippet:-1, max-image-preview:large, max-video-preview:-1\" \/>\n<link rel=\"canonical\" href=\"https:\/\/blog.phzh.ch\/bibliothek\/impressum\/\" \/>\n<meta property=\"og:locale\" content=\"de_DE\" \/>\n<meta property=\"og:type\" content=\"article\" \/>\n<meta property=\"og:title\" content=\"Impressum - biblioPHil\" \/>\n<meta property=\"og:description\" content=\"Redaktion: Andreas Grossmann (AGO) Adresse: PH Z\u00fcrich, Bibliothek, Lagerstrasse 2, 8090 Z\u00fcrich Disclaimer: Die von den Redaktionsmitarbeitenden verfassten Beitr\u00e4ge und Kommentare stellen deren pers\u00f6nliche Meinung dar. Zitierte Artikel stellen die Meinung der jeweiligen Verfasser dar. Querverweise und Links werden m\u00f6glichst sorgf\u00e4ltig ausgesucht. Trotz dieser Kontrolle \u00fcbernehmen wir keine Haftung f\u00fcr die Inhalte externer Links. F\u00fcr &hellip; Impressum weiterlesen\" \/>\n<meta property=\"og:url\" content=\"https:\/\/blog.phzh.ch\/bibliothek\/impressum\/\" \/>\n<meta property=\"og:site_name\" content=\"biblioPHil\" \/>\n<meta property=\"article:modified_time\" content=\"2024-08-28T11:07:12+00:00\" \/>\n<meta name=\"twitter:card\" content=\"summary_large_image\" \/>\n<meta name=\"twitter:label1\" content=\"Gesch\u00e4tzte Lesezeit\" \/>\n\t<meta name=\"twitter:data1\" content=\"1\u00a0Minute\" \/>\n<script type=\"application\/ld+json\" class=\"yoast-schema-graph\">{\"@context\":\"https:\/\/schema.org\",\"@graph\":[{\"@type\":\"WebPage\",\"@id\":\"https:\/\/blog.phzh.ch\/bibliothek\/impressum\/\",\"url\":\"https:\/\/blog.phzh.ch\/bibliothek\/impressum\/\",\"name\":\"Impressum - biblioPHil\",\"isPartOf\":{\"@id\":\"https:\/\/blog.phzh.ch\/bibliothek\/#website\"},\"datePublished\":\"2017-03-20T10:55:18+00:00\",\"dateModified\":\"2024-08-28T11:07:12+00:00\",\"breadcrumb\":{\"@id\":\"https:\/\/blog.phzh.ch\/bibliothek\/impressum\/#breadcrumb\"},\"inLanguage\":\"de\",\"potentialAction\":[{\"@type\":\"ReadAction\",\"target\":[\"https:\/\/blog.phzh.ch\/bibliothek\/impressum\/\"]}]},{\"@type\":\"BreadcrumbList\",\"@id\":\"https:\/\/blog.phzh.ch\/bibliothek\/impressum\/#breadcrumb\",\"itemListElement\":[{\"@type\":\"ListItem\",\"position\":1,\"name\":\"Home\",\"item\":\"https:\/\/blog.phzh.ch\/bibliothek\/\"},{\"@type\":\"ListItem\",\"position\":2,\"name\":\"Impressum\"}]},{\"@type\":\"WebSite\",\"@id\":\"https:\/\/blog.phzh.ch\/bibliothek\/#website\",\"url\":\"https:\/\/blog.phzh.ch\/bibliothek\/\",\"name\":\"biblioPHil\",\"description\":\"Blog der Bibliothek der PH Z\u00fcrich\",\"potentialAction\":[{\"@type\":\"SearchAction\",\"target\":{\"@type\":\"EntryPoint\",\"urlTemplate\":\"https:\/\/blog.phzh.ch\/bibliothek\/?s={search_term_string}\"},\"query-input\":{\"@type\":\"PropertyValueSpecification\",\"valueRequired\":true,\"valueName\":\"search_term_string\"}}],\"inLanguage\":\"de\"}]}<\/script>\n<!-- \/ Yoast SEO plugin. -->","yoast_head_json":{"title":"Impressum - biblioPHil","robots":{"index":"index","follow":"follow","max-snippet":"max-snippet:-1","max-image-preview":"max-image-preview:large","max-video-preview":"max-video-preview:-1"},"canonical":"https:\/\/blog.phzh.ch\/bibliothek\/impressum\/","og_locale":"de_DE","og_type":"article","og_title":"Impressum - biblioPHil","og_description":"Redaktion: Andreas Grossmann (AGO) Adresse: PH Z\u00fcrich, Bibliothek, Lagerstrasse 2, 8090 Z\u00fcrich Disclaimer: Die von den Redaktionsmitarbeitenden verfassten Beitr\u00e4ge und Kommentare stellen deren pers\u00f6nliche Meinung dar. Zitierte Artikel stellen die Meinung der jeweiligen Verfasser dar. Querverweise und Links werden m\u00f6glichst sorgf\u00e4ltig ausgesucht. Trotz dieser Kontrolle \u00fcbernehmen wir keine Haftung f\u00fcr die Inhalte externer Links. F\u00fcr &hellip; Impressum weiterlesen","og_url":"https:\/\/blog.phzh.ch\/bibliothek\/impressum\/","og_site_name":"biblioPHil","article_modified_time":"2024-08-28T11:07:12+00:00","twitter_card":"summary_large_image","twitter_misc":{"Gesch\u00e4tzte Lesezeit":"1\u00a0Minute"},"schema":{"@context":"https:\/\/schema.org","@graph":[{"@type":"WebPage","@id":"https:\/\/blog.phzh.ch\/bibliothek\/impressum\/","url":"https:\/\/blog.phzh.ch\/bibliothek\/impressum\/","name":"Impressum - biblioPHil","isPartOf":{"@id":"https:\/\/blog.phzh.ch\/bibliothek\/#website"},"datePublished":"2017-03-20T10:55:18+00:00","dateModified":"2024-08-28T11:07:12+00:00","breadcrumb":{"@id":"https:\/\/blog.phzh.ch\/bibliothek\/impressum\/#breadcrumb"},"inLanguage":"de","potentialAction":[{"@type":"ReadAction","target":["https:\/\/blog.phzh.ch\/bibliothek\/impressum\/"]}]},{"@type":"BreadcrumbList","@id":"https:\/\/blog.phzh.ch\/bibliothek\/impressum\/#breadcrumb","itemListElement":[{"@type":"ListItem","position":1,"name":"Home","item":"https:\/\/blog.phzh.ch\/bibliothek\/"},{"@type":"ListItem","position":2,"name":"Impressum"}]},{"@type":"WebSite","@id":"https:\/\/blog.phzh.ch\/bibliothek\/#website","url":"https:\/\/blog.phzh.ch\/bibliothek\/","name":"biblioPHil","description":"Blog der Bibliothek der PH Z\u00fcrich","potentialAction":[{"@type":"SearchAction","target":{"@type":"EntryPoint","urlTemplate":"https:\/\/blog.phzh.ch\/bibliothek\/?s={search_term_string}"},"query-input":{"@type":"PropertyValueSpecification","valueRequired":true,"valueName":"search_term_string"}}],"inLanguage":"de"}]}},"_links":{"self":[{"href":"https:\/\/blog.phzh.ch\/bibliothek\/wp-json\/wp\/v2\/pages\/12","targetHints":{"allow":["GET"]}}],"collection":[{"href":"https:\/\/blog.phzh.ch\/bibliothek\/wp-json\/wp\/v2\/pages"}],"about":[{"href":"https:\/\/blog.phzh.ch\/bibliothek\/wp-json\/wp\/v2\/types\/page"}],"author":[{"embeddable":true,"href":"https:\/\/blog.phzh.ch\/bibliothek\/wp-json\/wp\/v2\/users\/1"}],"replies":[{"embeddable":true,"href":"https:\/\/blog.phzh.ch\/bibliothek\/wp-json\/wp\/v2\/comments?post=12"}],"version-history":[{"count":7,"href":"https:\/\/blog.phzh.ch\/bibliothek\/wp-json\/wp\/v2\/pages\/12\/revisions"}],"predecessor-version":[{"id":986,"href":"https:\/\/blog.phzh.ch\/bibliothek\/wp-json\/wp\/v2\/pages\/12\/revisions\/986"}],"wp:attachment":[{"href":"https:\/\/blog.phzh.ch\/bibliothek\/wp-json\/wp\/v2\/media?parent=12"}],"curies":[{"name":"wp","href":"https:\/\/api.w.org\/{rel}","templated":true}]}}